{"id":24661,"date":"2022-08-25T22:16:03","date_gmt":"2022-08-26T03:16:03","guid":{"rendered":"https:\/\/nuevademocracia.com.co\/?page_id=24661"},"modified":"2026-03-28T00:48:34","modified_gmt":"2026-03-28T05:48:34","slug":"por-la-nueva-democracia","status":"publish","type":"page","link":"https:\/\/nuevademocracia.com.co\/?page_id=24661","title":{"rendered":"Por la Nueva Democracia\u00a0"},"content":{"rendered":"\n<h2>\n\t\tPresentaci\u00f3n\n\t<\/h2>\n\t<p>Somos un pueblo que a\u00fan ans\u00eda y lucha por su libertad, somos una naci\u00f3n en formaci\u00f3n. El feudal conquistador espa\u00f1ol se impuso sobre nuestras comunidades ind\u00edgenas, arrebat\u00f3 sus tierras, someti\u00f3 a la servidumbre a nuestra gente y sojuzg\u00f3 la naci\u00f3n. Durante centurias el pueblo anhel\u00f3 la independencia, heroicamente resisti\u00f3 y combati\u00f3 hasta que en el siglo XIX expuls\u00f3 al chapet\u00f3n invasor. Pero el poder pol\u00edtico y econ\u00f3mico, el Estado y la tierra, quedaron en manos del terrateniente y gran comerciante criollo, ahora como socio y lacayo de un nuevo amo y se\u00f1or, la Inglaterra capitalista, la nueva potencia que nos domin\u00f3.<\/p>\n<p>Despuntando el siglo XX, el imperialismo yanqui desplaz\u00f3 al ingles, grandes capitales export\u00f3 a nuestro pa\u00eds para profundizar la explotaci\u00f3n de nuestro pueblo y el saqueo de la naci\u00f3n. Un capitalismo monopolista implant\u00f3 a trav\u00e9s de sus agentes locales, los criollos devenidos terratenientes y grandes comerciantes. El fruto del trabajo de ind\u00edgenas, esclavos, artesanos, campesinos, obreros y peque\u00f1os comerciantes, fue usurpado para enriquecer al imperialismo y a los monopolistas locales del capital y de la tierra. Un Estado burocr\u00e1tico-terrateniente, principalmente con la fuerza de las armas, tal injusticia garantiz\u00f3.<\/p>\n<p>Desde sus inicios la naci\u00f3n se resisti\u00f3 a la dominaci\u00f3n y combati\u00f3 por su desarrollo e independencia. El ind\u00edgena caribe y el pijao, el negro cimarr\u00f3n, el pueblo desde la conquista batall\u00f3. Campesinos y artesanos en la rebeli\u00f3n de los Comuneros, con Jos\u00e9 Antonio Gal\u00e1n a la cabeza, definieron la consigna de guerra con vigencia hasta hoy: \u00aboprimidos contra opresores\u00bb. Con guerra de guerrillas y \u00e9picas batallas, las masas populares, en la gran guerra de independencia, liberaron la naci\u00f3n del yugo espa\u00f1ol. Pero, como el dominio extranjero continu\u00f3, tras la independencia de Espa\u00f1a, los artesanos se organizaron en sociedades democr\u00e1ticas y lucharon por el desarrollo de la industria nacional.<\/p>\n<p>Alrededor del siglo XX, el proletariado colombiano insurgi\u00f3 cambiando la perspectiva hist\u00f3rica de la naci\u00f3n: impuls\u00f3 grandes huelgas, adhiri\u00f3 a la teor\u00eda revolucionaria, conform\u00f3 su Partido, defini\u00f3 la necesidad de la revoluci\u00f3n democr\u00e1tica, levant\u00f3 al campesinado e intent\u00f3 conquistar un gobierno de obreros y campesinos a trav\u00e9s de la insurrecci\u00f3n. Adem\u00e1s de todo esto, impuls\u00f3 la lucha de toda la naci\u00f3n. As\u00ed, el campesinado comenz\u00f3 tambi\u00e9n su organizaci\u00f3n y durante todo el siglo XX, en grandes movilizaciones, tomas de tierra y hasta experiencias guerrilleras demostr\u00f3 ser fuerza principal de la revoluci\u00f3n. El resto de la naci\u00f3n, los intelectuales progresistas y los peque\u00f1os y medianos propietarios, tambi\u00e9n en esta lucha por los derechos del pueblo fueron motor.<\/p>\n<p>Hoy, cuando transitamos los a\u00f1os 20 del siglo XXI, tal como lo demuestran los grandes levantamientos de la \u00faltima d\u00e9cada, contin\u00faa la lucha por la formaci\u00f3n de la naci\u00f3n: por conquistar la tierra, por romper el dominio extranjero, por acabar con el capital monopolista, por los derechos del pueblo, especialmente por su derecho a definir su futuro, esto es, por conquistar el Poder Popular y con \u00e9l garantizar el bienestar social y el desarrollo e independencia nacional. En pocas palabras, hoy est\u00e1 a la orden del d\u00eda la Revoluci\u00f3n de Nueva Democracia que acabe con las tres monta\u00f1as que oprimen al pueblo: el imperialismo, el capitalismo burocr\u00e1tico y la semifeudalidad y construya una naci\u00f3n pr\u00f3spera, libre, independiente y soberana.<\/p>\n<p>Es el pueblo laborioso el que ha hecho la historia de Colombia. Solo en su seno encontraremos las fuerzas capaces de hacer la revoluci\u00f3n y barrer esas tres monta\u00f1as. Contribuir a elevar la conciencia de las masas sobre la necesidad de luchar por la Nueva Democracia es el definido y decidido prop\u00f3sito que persigue esta prensa democr\u00e1tica y popular que presentamos hoy al lector. En ella analizaremos la historia y actualidad de la lucha de clases en nuestro pa\u00eds y en el mundo, difundiremos la teor\u00eda revolucionaria, conmemoraremos los hitos en la historia de lucha de los pueblos del mundo y compartiremos el arte popular. Nuestro enfoque ser\u00e1 siempre buscar la verdad en los hechos, pues consideramos que solo la verdad sirve al pueblo, nuestro estilo ser\u00e1 escribir con argumentos, de manera sencilla y popular.<\/p>\n<p>Los grandes medios de comunicaci\u00f3n est\u00e1n en manos de las clases dominantes, en ellos se paga al periodismo que oculta la verdad y legitima el actual injusto orden social. Nueva Democracia es parte de la Prensa democr\u00e1tica del pueblo, all\u00ed son bienvenidos a escribir todos aquellos que quieran desenmascarar las injusticias sociales y servir a la gran causa de la liberaci\u00f3n del pueblo y la naci\u00f3n. Invitamos a todo el pueblo trabajador a leer, difundir, escribir en y apoyar la prensa democr\u00e1tica y popular; sus opiniones, sugerencias y cr\u00edticas ser\u00e1n aliciente e impulso para cada edici\u00f3n mejorar.<\/p>\n<p>Nuestro m\u00e1s grande anhelo es que las palabras que plasmemos en Nueva Democracia contribuyan a que el pueblo escriba en estas tierras, las m\u00e1s bellas y \u00e9picas nuevas p\u00e1ginas de la revoluci\u00f3n colombiana al servicio de la revoluci\u00f3n mundial.<\/p>\n\n\n\n<p class=\"has-black-color has-text-color has-link-color wp-elements-18a50b7ae10cfd483379d58ac26c28cd\">Cont\u00e1ctanos por correo electr\u00f3nico:<\/p>\n\n\n\n<p class=\"has-black-color has-text-color has-link-color wp-elements-a97426b24d413cd62cb19c20e304cdb4\">nuevademocracia.col@gmail.com<\/p>\n\n\n\n<p class=\"has-black-color has-text-color has-link-color wp-elements-057c820ecc447fad6ad941a660ede371\"><\/p>\n\n\n\n<p class=\"has-black-color has-text-color has-link-color wp-elements-60b62138dfdcab80d3c0b3d7445d7c5c\"><\/p>\n","protected":false},"excerpt":{"rendered":"<p>Cont\u00e1ctanos por correo electr\u00f3nico: nuevademocracia.col@gmail.com<\/p>\n","protected":false},"author":1,"featured_media":0,"parent":0,"menu_order":0,"comment_status":"closed","ping_status":"closed","template":"","meta":{"footnotes":""},"class_list":["post-24661","page","type-page","status-publish","hentry"],"blocksy_meta":[],"_links":{"self":[{"href":"https:\/\/nuevademocracia.com.co\/index.php?rest_route=\/wp\/v2\/pages\/24661","targetHints":{"allow":["GET"]}}],"collection":[{"href":"https:\/\/nuevademocracia.com.co\/index.php?rest_route=\/wp\/v2\/pages"}],"about":[{"href":"https:\/\/nuevademocracia.com.co\/index.php?rest_route=\/wp\/v2\/types\/page"}],"author":[{"embeddable":true,"href":"https:\/\/nuevademocracia.com.co\/index.php?rest_route=\/wp\/v2\/users\/1"}],"replies":[{"embeddable":true,"href":"https:\/\/nuevademocracia.com.co\/index.php?rest_route=%2Fwp%2Fv2%2Fcomments&post=24661"}],"version-history":[{"count":6,"href":"https:\/\/nuevademocracia.com.co\/index.php?rest_route=\/wp\/v2\/pages\/24661\/revisions"}],"predecessor-version":[{"id":29104,"href":"https:\/\/nuevademocracia.com.co\/index.php?rest_route=\/wp\/v2\/pages\/24661\/revisions\/29104"}],"wp:attachment":[{"href":"https:\/\/nuevademocracia.com.co\/index.php?rest_route=%2Fwp%2Fv2%2Fmedia&parent=24661"}],"curies":[{"name":"wp","href":"https:\/\/api.w.org\/{rel}","templated":true}]}}